{"id":4411,"date":"2024-09-17T13:19:04","date_gmt":"2024-09-17T13:19:04","guid":{"rendered":"https:\/\/www.allover.ch\/?page_id=4411"},"modified":"2024-10-31T17:57:51","modified_gmt":"2024-10-31T17:57:51","slug":"kanarische-inseln-2","status":"publish","type":"page","link":"https:\/\/www.allover.ch\/?page_id=4411","title":{"rendered":"Kanarische Inseln"},"content":{"rendered":"<p>[et_pb_section fb_built=&#187;1&#8243; fullwidth=&#187;on&#187; _builder_version=&#187;4.24.0&#8243; _module_preset=&#187;default&#187; global_colors_info=&#187;{}&#187;][et_pb_fullwidth_header title=&#187;Kanarische Inseln&#187; _builder_version=&#187;4.25.2&#8243; _module_preset=&#187;default&#187; title_text_align=&#187;center&#187; title_text_color=&#187;#848484&#8243; title_font_size=&#187;60px&#187; background_color=&#187;RGBA(255,255,255,0)&#187; background_image=&#187;https:\/\/www.allover.ch\/wp-content\/uploads\/2024\/09\/Kanarische-Inseln_50-scaled.jpg&#187; min_height=&#187;400px&#187; title_text_shadow_style=&#187;preset3&#8243; global_colors_info=&#187;{}&#187;][\/et_pb_fullwidth_header][\/et_pb_section][et_pb_section fb_built=&#187;1&#8243; module_class=&#187;parent-section&#187; _builder_version=&#187;4.24.0&#8243; _module_preset=&#187;default&#187; global_colors_info=&#187;{}&#187;][et_pb_row _builder_version=&#187;4.24.0&#8243; _module_preset=&#187;default&#187; max_width=&#187;1600px&#187; global_colors_info=&#187;{}&#187;][et_pb_column type=&#187;4_4&#8243; _builder_version=&#187;4.24.0&#8243; _module_preset=&#187;default&#187; global_colors_info=&#187;{}&#187;][et_pb_text _builder_version=&#187;4.25.2&#8243; _module_preset=&#187;default&#187; global_colors_info=&#187;{}&#187;]<\/p>\n<p><strong>Willkommen auf unserer Nicht-Katamaran-Reise-Webseite! <a>\ud83d\ude0a<\/a><\/strong><\/p>\n<p>Am 14. September haben wir TomCAT in Las Palmas de Gran Canaria parkiert lassen und sind nun mit dem Auto via F\u00e4hre auf den restlichen Inseln unterwegs.<br \/>Dies ist eine Art \u00dcbersichtsseite f\u00fcr unsere Reisen auf den Kanarischen Inseln. Als erster seht ihr eine Karte, die alle gefahrenen Strecken, Wanderungen und Sehensw\u00fcrdigkeiten zusammenfasst.<br \/>Weiter unten sind die einzelnen &#171;Blog-Eintr\u00e4ge&#187; verlinkt.<br \/>Es wird voraussichtlich alle paar Tage einen neuen &#171;Blog-Eintrag&#187; geben.<\/p>\n<p>Nun viel Spass beim Lesen! <a>\ud83d\ude0a<\/a><\/p>\n<p>[\/et_pb_text][et_pb_code _builder_version=&#187;4.25.2&#8243; _module_preset=&#187;default&#187; global_colors_info=&#187;{}&#187;]<iframe loading=\"lazy\" src=\"https:\/\/www.google.com\/maps\/d\/u\/0\/embed?mid=1kCytNZnDa3E4RpVld4GYcl2vIJVMwGA&#038;ehbc=2E312F&#038;noprof=1\" width=\"1800\" height=\"500\"><\/iframe>[\/et_pb_code][\/et_pb_column][\/et_pb_row][et_pb_row _builder_version=&#187;4.25.2&#8243; _module_preset=&#187;default&#187; global_colors_info=&#187;{}&#187;][et_pb_column type=&#187;4_4&#8243; _builder_version=&#187;4.25.2&#8243; _module_preset=&#187;default&#187; global_colors_info=&#187;{}&#187;][et_pb_button button_url=&#187;@ET-DC@eyJkeW5hbWljIjp0cnVlLCJjb250ZW50IjoicG9zdF9saW5rX3VybF9wb3N0Iiwic2V0dGluZ3MiOnsicG9zdF9pZCI6IjQ0MjQifX0=@&#187; url_new_window=&#187;on&#187; button_text=&#187;16. September 2024 &#8211; Buenavista, Teneriffa&#187; _builder_version=&#187;4.25.2&#8243; _dynamic_attributes=&#187;button_url&#187; _module_preset=&#187;default&#187; custom_button=&#187;on&#187; box_shadow_style=&#187;preset2&#8243; global_colors_info=&#187;{}&#187;][\/et_pb_button][et_pb_button button_url=&#187;@ET-DC@eyJkeW5hbWljIjp0cnVlLCJjb250ZW50IjoicG9zdF9saW5rX3VybF9wb3N0Iiwic2V0dGluZ3MiOnsicG9zdF9pZCI6IjQ0NjgifX0=@&#187; url_new_window=&#187;on&#187; button_text=&#187;21. September 2024 &#8211; Los Cancajos, La Palma&#187; _builder_version=&#187;4.25.2&#8243; _dynamic_attributes=&#187;button_url&#187; _module_preset=&#187;default&#187; box_shadow_style=&#187;preset2&#8243; global_colors_info=&#187;{}&#187;][\/et_pb_button][et_pb_button button_url=&#187;@ET-DC@eyJkeW5hbWljIjp0cnVlLCJjb250ZW50IjoicG9zdF9saW5rX3VybF9wb3N0Iiwic2V0dGluZ3MiOnsicG9zdF9pZCI6IjQ4MjQifX0=@&#187; url_new_window=&#187;on&#187; button_text=&#187;25. September 2024 &#8211; Las Palmas, Gran Canaria&#187; _builder_version=&#187;4.25.2&#8243; _dynamic_attributes=&#187;button_url&#187; _module_preset=&#187;default&#187; box_shadow_style=&#187;preset2&#8243; global_colors_info=&#187;{}&#187;][\/et_pb_button][et_pb_button button_url=&#187;@ET-DC@eyJkeW5hbWljIjp0cnVlLCJjb250ZW50IjoicG9zdF9saW5rX3VybF9wb3N0Iiwic2V0dGluZ3MiOnsicG9zdF9pZCI6IjQ4ODUifX0=@&#187; url_new_window=&#187;on&#187; button_text=&#187;30. September 2024 &#8211; Las Palmas, Gran Canaria&#187; _builder_version=&#187;4.25.2&#8243; _dynamic_attributes=&#187;button_url&#187; _module_preset=&#187;default&#187; box_shadow_style=&#187;preset2&#8243; global_colors_info=&#187;{}&#187;][\/et_pb_button][et_pb_button button_url=&#187;@ET-DC@eyJkeW5hbWljIjp0cnVlLCJjb250ZW50IjoicG9zdF9saW5rX3VybF9wb3N0Iiwic2V0dGluZ3MiOnsicG9zdF9pZCI6IjUwMDEifX0=@&#187; url_new_window=&#187;on&#187; button_text=&#187;06. Oktober 2024 &#8211; Las Palmas, Gran Canaria&#187; _builder_version=&#187;4.27.2&#8243; _dynamic_attributes=&#187;button_url&#187; _module_preset=&#187;default&#187; box_shadow_style=&#187;preset2&#8243; global_colors_info=&#187;{}&#187;][\/et_pb_button][et_pb_button button_url=&#187;@ET-DC@eyJkeW5hbWljIjp0cnVlLCJjb250ZW50IjoicG9zdF9saW5rX3VybF9wb3N0Iiwic2V0dGluZ3MiOnsicG9zdF9pZCI6IjUwNTkifX0=@&#187; url_new_window=&#187;on&#187; button_text=&#187;14. Oktober 2024 &#8211; Las Palmas, Gran Canaria&#187; _builder_version=&#187;4.27.2&#8243; _dynamic_attributes=&#187;button_url&#187; _module_preset=&#187;default&#187; box_shadow_style=&#187;preset2&#8243; global_colors_info=&#187;{}&#187;][\/et_pb_button][et_pb_button button_url=&#187;@ET-DC@eyJkeW5hbWljIjp0cnVlLCJjb250ZW50IjoicG9zdF9saW5rX3VybF9wb3N0Iiwic2V0dGluZ3MiOnsicG9zdF9pZCI6IjUxNjQifX0=@&#187; url_new_window=&#187;on&#187; button_text=&#187;21. Oktober 2024 &#8211; Las Palmas, Gran Canaria&#187; _builder_version=&#187;4.27.2&#8243; _dynamic_attributes=&#187;button_url&#187; _module_preset=&#187;default&#187; hover_enabled=&#187;0&#8243; box_shadow_style=&#187;preset2&#8243; global_colors_info=&#187;{}&#187; sticky_enabled=&#187;0&#8243;][\/et_pb_button][et_pb_button button_url=&#187;@ET-DC@eyJkeW5hbWljIjp0cnVlLCJjb250ZW50IjoicG9zdF9saW5rX3VybF9wb3N0Iiwic2V0dGluZ3MiOnsicG9zdF9pZCI6IjUzMDEifX0=@&#187; url_new_window=&#187;on&#187; button_text=&#187;30. Oktober 2024 &#8211; Las Palmas, Gran Canaria&#187; _builder_version=&#187;4.27.2&#8243; _dynamic_attributes=&#187;button_url&#187; _module_preset=&#187;default&#187; hover_enabled=&#187;0&#8243; box_shadow_style=&#187;preset2&#8243; global_colors_info=&#187;{}&#187; sticky_enabled=&#187;0&#8243;][\/et_pb_button][\/et_pb_column][\/et_pb_row][\/et_pb_section]<\/p>\n","protected":false},"excerpt":{"rendered":"<p>Willkommen auf unserer Nicht-Katamaran-Reise-Webseite! \ud83d\ude0a Am 14. September haben wir TomCAT in Las Palmas de Gran Canaria parkiert lassen und sind nun mit dem Auto via F\u00e4hre auf den restlichen Inseln unterwegs.Dies ist eine Art \u00dcbersichtsseite f\u00fcr unsere Reisen auf den Kanarischen Inseln. Als erster seht ihr eine Karte, die alle gefahrenen Strecken, Wanderungen und [&hellip;]<\/p>\n","protected":false},"author":1,"featured_media":4410,"parent":0,"menu_order":0,"comment_status":"closed","ping_status":"closed","template":"","meta":{"_et_pb_use_builder":"on","_et_pb_old_content":"","_et_gb_content_width":"","footnotes":""},"class_list":["post-4411","page","type-page","status-publish","has-post-thumbnail","hentry"],"_links":{"self":[{"href":"https:\/\/www.allover.ch\/index.php?rest_route=\/wp\/v2\/pages\/4411","targetHints":{"allow":["GET"]}}],"collection":[{"href":"https:\/\/www.allover.ch\/index.php?rest_route=\/wp\/v2\/pages"}],"about":[{"href":"https:\/\/www.allover.ch\/index.php?rest_route=\/wp\/v2\/types\/page"}],"author":[{"embeddable":true,"href":"https:\/\/www.allover.ch\/index.php?rest_route=\/wp\/v2\/users\/1"}],"replies":[{"embeddable":true,"href":"https:\/\/www.allover.ch\/index.php?rest_route=%2Fwp%2Fv2%2Fcomments&post=4411"}],"version-history":[{"count":17,"href":"https:\/\/www.allover.ch\/index.php?rest_route=\/wp\/v2\/pages\/4411\/revisions"}],"predecessor-version":[{"id":5317,"href":"https:\/\/www.allover.ch\/index.php?rest_route=\/wp\/v2\/pages\/4411\/revisions\/5317"}],"wp:featuredmedia":[{"embeddable":true,"href":"https:\/\/www.allover.ch\/index.php?rest_route=\/wp\/v2\/media\/4410"}],"wp:attachment":[{"href":"https:\/\/www.allover.ch\/index.php?rest_route=%2Fwp%2Fv2%2Fmedia&parent=4411"}],"curies":[{"name":"wp","href":"https:\/\/api.w.org\/{rel}","templated":true}]}}