{"id":16,"date":"2024-01-16T18:19:44","date_gmt":"2024-01-16T18:19:44","guid":{"rendered":"https:\/\/www.allover.ch\/?page_id=16"},"modified":"2026-02-02T17:43:23","modified_gmt":"2026-02-02T17:43:23","slug":"journeys-all-over","status":"publish","type":"page","link":"https:\/\/www.allover.ch\/","title":{"rendered":"Journeys all over"},"content":{"rendered":"<p>[et_pb_section fb_built=&#187;1&#8243; fullwidth=&#187;on&#187; _builder_version=&#187;4.23.4&#8243; _module_preset=&#187;default&#187; global_colors_info=&#187;{}&#187;][et_pb_fullwidth_slider show_arrows=&#187;off&#187; show_pagination=&#187;off&#187; _builder_version=&#187;4.23.4&#8243; _module_preset=&#187;default&#187; global_colors_info=&#187;{}&#187;][et_pb_slide heading=&#187;Welcome to our Journeys all over&#187; _builder_version=&#187;4.23.4&#8243; _module_preset=&#187;default&#187; header_font=&#187;|600|||||||&#187; header_text_color=&#187;#474747&#8243; header_font_size=&#187;63px&#187; background_image=&#187;https:\/\/www.allover.ch\/wp-content\/uploads\/2024\/01\/Title-scaled.jpg&#187; background_enable_image=&#187;on&#187; global_colors_info=&#187;{}&#187; sticky_transition=&#187;on&#187;][\/et_pb_slide][\/et_pb_fullwidth_slider][\/et_pb_section][et_pb_section fb_built=&#187;1&#8243; _builder_version=&#187;4.23.4&#8243; _module_preset=&#187;default&#187; global_colors_info=&#187;{}&#187;][et_pb_row _builder_version=&#187;4.23.4&#8243; _module_preset=&#187;default&#187; global_colors_info=&#187;{}&#187;][et_pb_column type=&#187;4_4&#8243; _builder_version=&#187;4.23.4&#8243; _module_preset=&#187;default&#187; global_colors_info=&#187;{}&#187;][et_pb_text _builder_version=&#187;4.23.4&#8243; _module_preset=&#187;default&#187; global_colors_info=&#187;{}&#187;]<\/p>\n<p>Willkommen auf unserer Webseite &#171;Journeys all over&#187;!<\/p>\n<p>Hier werden die Reisen, die wir ohne den Katamaran TomCAT machen dokumentiert.<br \/>Die Seite ist noch im Aufbau und ich muss mir noch ein geeignetes Layout ausdenken, also habt bitte Verst\u00e4ndnis, wenn sich oft oder vieles \u00e4ndert.<\/p>\n<p>Ansonsten w\u00fcnsche ich viel Vergn\u00fcgen beim Lesen!<\/p>\n<p>[\/et_pb_text][\/et_pb_column][\/et_pb_row][et_pb_row _builder_version=&#187;4.23.4&#8243; _module_preset=&#187;default&#187; global_colors_info=&#187;{}&#187;][et_pb_column type=&#187;4_4&#8243; _builder_version=&#187;4.23.4&#8243; _module_preset=&#187;default&#187; global_colors_info=&#187;{}&#187;][et_pb_text _builder_version=&#187;4.23.4&#8243; _module_preset=&#187;default&#187; global_colors_info=&#187;{}&#187;]<\/p>\n<h3>Verschiedene Reisen<\/h3>\n<p>[\/et_pb_text][et_pb_team_member name=&#187;USA, Transpazifik und Australien&#187; position=&#187;13.01.2024 &#8211; 30.05.2024&#8243; image_url=&#187;https:\/\/www.allover.ch\/wp-content\/uploads\/2024\/01\/20240115_3Das-Plunge-Beach-Resort-Hauptgebaeude-scaled.jpg&#187; _builder_version=&#187;4.24.0&#8243; _dynamic_attributes=&#187;link_option_url&#187; _module_preset=&#187;default&#187; link_option_url=&#187;@ET-DC@eyJkeW5hbWljIjp0cnVlLCJjb250ZW50IjoicG9zdF9saW5rX3VybF9wYWdlIiwic2V0dGluZ3MiOnsicG9zdF9pZCI6IjI5In19@&#187; global_colors_info=&#187;{}&#187;]Diese Reise f\u00fchrt uns mit dem Flugzeug von Z\u00fcrich nach Miami, dann mit dem Auto von Miami nach Los Angeles, dann mit dem Kreuzfahrtschiff von Los Angeles nach Brisbane (Australien), dann mit dem Auto von Brisbane nach Darwin und zum Schluss von Darwin mit dem Flugzeug wieder zur\u00fcck nach Z\u00fcrich.<br \/>\n<br \/>\n<a href=\"https:\/\/www.allover.ch\/?page_id=29\">Details anschauen <\/a><a>\ud83d\udc40<\/a>[\/et_pb_team_member][et_pb_team_member name=&#187;Singapur &#038; Thailand&#187; position=&#187;29.05.2024 &#8211; 07.06.2024&#8243; image_url=&#187;https:\/\/www.allover.ch\/wp-content\/uploads\/2024\/05\/Singapur_Thailand-scaled.jpg&#187; _builder_version=&#187;4.25.1&#8243; _dynamic_attributes=&#187;link_option_url&#187; _module_preset=&#187;default&#187; link_option_url=&#187;@ET-DC@eyJkeW5hbWljIjp0cnVlLCJjb250ZW50IjoicG9zdF9saW5rX3VybF9wYWdlIiwic2V0dGluZ3MiOnsicG9zdF9pZCI6IjQxMTAifX0=@&#187; global_colors_info=&#187;{}&#187;]<\/p>\n<p>Im Anschluss an unsere grosse USA, Transpazifik und Australien Reise machen wir noch zwei Zwischenstopps auf dem Weg zur\u00fcck in die Schweiz. Und zwar fliegen wir von Darwin nach Singapur. In Singapur bleiben wir 2 N\u00e4chte, also einen ganzen Tag. Dann fliegen wir weiter nach Phuket, Thailand. Dort bleiben wir eine gute Woche, bevor wir dann via Bangkok nach Z\u00fcrich fliegen.<\/p>\n<p>&nbsp;<\/p>\n<p><a href=\"https:\/\/www.allover.ch\/?page_id=4110\">Details anschauen <\/a><a>\ud83d\udc40<\/a><\/p>\n<p>[\/et_pb_team_member][et_pb_team_member name=&#187;Kanarische Inseln&#187; position=&#187;14.09.2024 &#8211; 25.09.2024&#8243; image_url=&#187;https:\/\/www.allover.ch\/wp-content\/uploads\/2024\/09\/Kanarische-Inseln-scaled.jpg&#187; _builder_version=&#187;4.25.2&#8243; _dynamic_attributes=&#187;link_option_url&#187; _module_preset=&#187;default&#187; link_option_url=&#187;@ET-DC@eyJkeW5hbWljIjp0cnVlLCJjb250ZW50IjoicG9zdF9saW5rX3VybF9wYWdlIiwic2V0dGluZ3MiOnsicG9zdF9pZCI6IjQ0MTEifX0=@&#187; global_colors_info=&#187;{}&#187;]<\/p>\n<p>Am 14. September lassen wir TomCAT im Hafen von Las Palmas de Gran Canaria stehen und entdecken die anderen Inseln der Kanaren mit Mietauto und F\u00e4hre.<\/p>\n<p>&nbsp;<\/p>\n<p><a href=\"https:\/\/www.allover.ch\/?page_id=4411\">Details anschauen <\/a><a>\ud83d\udc40<\/a><\/p>\n<p>[\/et_pb_team_member][et_pb_team_member name=&#187;Indien&#187; position=&#187;01.02.2026 &#8211; 23.02.2026&#8243; image_url=&#187;https:\/\/www.allover.ch\/wp-content\/uploads\/2026\/02\/Titelbild_Indien-scaled.jpg&#187; _builder_version=&#187;4.27.5&#8243; _dynamic_attributes=&#187;link_option_url&#187; _module_preset=&#187;default&#187; link_option_url=&#187;@ET-DC@eyJkeW5hbWljIjp0cnVlLCJjb250ZW50IjoicG9zdF9saW5rX3VybF9wYWdlIiwic2V0dGluZ3MiOnsicG9zdF9pZCI6IjU0MDUifX0=@&#187; hover_enabled=&#187;0&#8243; global_colors_info=&#187;{}&#187; sticky_enabled=&#187;0&#8243;]Wir sind zur indischen Hochzeit von Nadja und Sandeep Mitte Februar in Hyderabad eingeladen. Welcher wir nat\u00fcrlich mit Freuden nachkommen. <a>&#128513;<\/a><br \/>\nAls Vorbereitung darauf machen wir vorher eine 13-t\u00e4gige Rundreise durch Nordindien. Allerdings nicht auf eigene Faust, sondern sch\u00f6n organisiert von Asia 365. <a>\ud83d\ude07<\/a><\/p>\n<p>&nbsp;<\/p>\n<p><a href=\"https:\/\/www.allover.ch\/?page_id=5405\">Details anschauen <\/a><a>\ud83d\udc40<\/a>[\/et_pb_team_member][\/et_pb_column][\/et_pb_row][\/et_pb_section]<\/p>\n","protected":false},"excerpt":{"rendered":"<p>Willkommen auf unserer Webseite &#171;Journeys all over&#187;! Hier werden die Reisen, die wir ohne den Katamaran TomCAT machen dokumentiert.Die Seite ist noch im Aufbau und ich muss mir noch ein geeignetes Layout ausdenken, also habt bitte Verst\u00e4ndnis, wenn sich oft oder vieles \u00e4ndert. Ansonsten w\u00fcnsche ich viel Vergn\u00fcgen beim Lesen!Verschiedene ReisenDiese Reise f\u00fchrt uns mit [&hellip;]<\/p>\n","protected":false},"author":1,"featured_media":74,"parent":0,"menu_order":0,"comment_status":"closed","ping_status":"closed","template":"","meta":{"_et_pb_use_builder":"on","_et_pb_old_content":"","_et_gb_content_width":"","footnotes":""},"class_list":["post-16","page","type-page","status-publish","has-post-thumbnail","hentry"],"_links":{"self":[{"href":"https:\/\/www.allover.ch\/index.php?rest_route=\/wp\/v2\/pages\/16","targetHints":{"allow":["GET"]}}],"collection":[{"href":"https:\/\/www.allover.ch\/index.php?rest_route=\/wp\/v2\/pages"}],"about":[{"href":"https:\/\/www.allover.ch\/index.php?rest_route=\/wp\/v2\/types\/page"}],"author":[{"embeddable":true,"href":"https:\/\/www.allover.ch\/index.php?rest_route=\/wp\/v2\/users\/1"}],"replies":[{"embeddable":true,"href":"https:\/\/www.allover.ch\/index.php?rest_route=%2Fwp%2Fv2%2Fcomments&post=16"}],"version-history":[{"count":21,"href":"https:\/\/www.allover.ch\/index.php?rest_route=\/wp\/v2\/pages\/16\/revisions"}],"predecessor-version":[{"id":5421,"href":"https:\/\/www.allover.ch\/index.php?rest_route=\/wp\/v2\/pages\/16\/revisions\/5421"}],"wp:featuredmedia":[{"embeddable":true,"href":"https:\/\/www.allover.ch\/index.php?rest_route=\/wp\/v2\/media\/74"}],"wp:attachment":[{"href":"https:\/\/www.allover.ch\/index.php?rest_route=%2Fwp%2Fv2%2Fmedia&parent=16"}],"curies":[{"name":"wp","href":"https:\/\/api.w.org\/{rel}","templated":true}]}}